{"id":1366,"date":"2025-05-21T12:23:28","date_gmt":"2025-05-21T10:23:28","guid":{"rendered":"https:\/\/rezydencjagorska.pl\/?page_id=1366"},"modified":"2025-05-26T11:14:49","modified_gmt":"2025-05-26T09:14:49","slug":"kids","status":"publish","type":"page","link":"https:\/\/rezydencjagorska.pl\/en\/kids\/","title":{"rendered":"Strefa KIDS"},"content":{"rendered":"","protected":false},"excerpt":{"rendered":"","protected":false},"author":8,"featured_media":1469,"parent":0,"menu_order":0,"comment_status":"closed","ping_status":"closed","template":"","meta":{"_acf_changed":false,"footnotes":""},"class_list":["post-1366","page","type-page","status-publish","has-post-thumbnail","hentry"],"acf":[],"yoast_head":"<!-- This site is optimized with the Yoast SEO plugin v25.1 - https:\/\/yoast.com\/wordpress\/plugins\/seo\/ -->\n<title>Rezydencja G\u00f3rska - Pobyt z dzie\u0107mi w Zakopanem - Strefa KIDS<\/title>\n<meta name=\"description\" content=\"Rezydencja G\u00f3rska - Pobyt z dzie\u0107mi w Zakopanem - Strefa KIDS. Zobacz galeri\u0119 zdj\u0119\u0107 i zobacz jakie atrakcje czekaj\u0105 na was u nas na miejscu.\" \/>\n<meta name=\"robots\" content=\"index, follow, max-snippet:-1, max-image-preview:large, max-video-preview:-1\" \/>\n<link rel=\"canonical\" href=\"https:\/\/rezydencjagorska.pl\/en\/kids\/\" \/>\n<meta property=\"og:locale\" content=\"en_GB\" \/>\n<meta property=\"og:type\" content=\"article\" \/>\n<meta property=\"og:title\" content=\"Rezydencja G\u00f3rska - Pobyt z dzie\u0107mi w Zakopanem - Strefa KIDS\" \/>\n<meta property=\"og:description\" content=\"Rezydencja G\u00f3rska - Pobyt z dzie\u0107mi w Zakopanem - Strefa KIDS. Zobacz galeri\u0119 zdj\u0119\u0107 i zobacz jakie atrakcje czekaj\u0105 na was u nas na miejscu.\" \/>\n<meta property=\"og:url\" content=\"https:\/\/rezydencjagorska.pl\/en\/kids\/\" \/>\n<meta property=\"og:site_name\" content=\"Rezydencja G\u00f3rska\" \/>\n<meta property=\"article:publisher\" content=\"https:\/\/www.facebook.com\/riverseaapartamenty\" \/>\n<meta property=\"article:modified_time\" content=\"2025-05-26T09:14:49+00:00\" \/>\n<meta property=\"og:image\" content=\"https:\/\/rezydencjagorska.pl\/wp-content\/uploads\/2025\/05\/Bez-nazwy-Witryna-internetowa-3-1024x576.png\" \/>\n\t<meta property=\"og:image:width\" content=\"1024\" \/>\n\t<meta property=\"og:image:height\" content=\"576\" \/>\n\t<meta property=\"og:image:type\" content=\"image\/png\" \/>\n<meta name=\"twitter:card\" content=\"summary_large_image\" \/>\n<meta name=\"twitter:label1\" content=\"Estimated reading time\" \/>\n\t<meta name=\"twitter:data1\" content=\"3 minutes\" \/>\n<script type=\"application\/ld+json\" class=\"yoast-schema-graph\">{\"@context\":\"https:\/\/schema.org\",\"@graph\":[{\"@type\":\"WebPage\",\"@id\":\"https:\/\/rezydencjagorska.pl\/kids\/\",\"url\":\"https:\/\/rezydencjagorska.pl\/kids\/\",\"name\":\"Rezydencja G\u00f3rska - Pobyt z dzie\u0107mi w Zakopanem - Strefa KIDS\",\"isPartOf\":{\"@id\":\"https:\/\/rezydencjagorska.pl\/#website\"},\"primaryImageOfPage\":{\"@id\":\"https:\/\/rezydencjagorska.pl\/kids\/#primaryimage\"},\"image\":{\"@id\":\"https:\/\/rezydencjagorska.pl\/kids\/#primaryimage\"},\"thumbnailUrl\":\"https:\/\/rezydencjagorska.pl\/wp-content\/uploads\/2025\/05\/Bez-nazwy-Witryna-internetowa-3.png\",\"datePublished\":\"2025-05-21T10:23:28+00:00\",\"dateModified\":\"2025-05-26T09:14:49+00:00\",\"description\":\"Rezydencja G\u00f3rska - Pobyt z dzie\u0107mi w Zakopanem - Strefa KIDS. Zobacz galeri\u0119 zdj\u0119\u0107 i zobacz jakie atrakcje czekaj\u0105 na was u nas na miejscu.\",\"breadcrumb\":{\"@id\":\"https:\/\/rezydencjagorska.pl\/kids\/#breadcrumb\"},\"inLanguage\":\"en-GB\",\"potentialAction\":[{\"@type\":\"ReadAction\",\"target\":[\"https:\/\/rezydencjagorska.pl\/kids\/\"]}]},{\"@type\":\"ImageObject\",\"inLanguage\":\"en-GB\",\"@id\":\"https:\/\/rezydencjagorska.pl\/kids\/#primaryimage\",\"url\":\"https:\/\/rezydencjagorska.pl\/wp-content\/uploads\/2025\/05\/Bez-nazwy-Witryna-internetowa-3.png\",\"contentUrl\":\"https:\/\/rezydencjagorska.pl\/wp-content\/uploads\/2025\/05\/Bez-nazwy-Witryna-internetowa-3.png\",\"width\":1366,\"height\":768},{\"@type\":\"BreadcrumbList\",\"@id\":\"https:\/\/rezydencjagorska.pl\/kids\/#breadcrumb\",\"itemListElement\":[{\"@type\":\"ListItem\",\"position\":1,\"name\":\"Strona g\u0142\u00f3wna\",\"item\":\"https:\/\/rezydencjagorska.pl\/\"},{\"@type\":\"ListItem\",\"position\":2,\"name\":\"Strefa KIDS\"}]},{\"@type\":\"WebSite\",\"@id\":\"https:\/\/rezydencjagorska.pl\/#website\",\"url\":\"https:\/\/rezydencjagorska.pl\/\",\"name\":\"Rezydencja G\u00f3rska\",\"description\":\"Rodzinne wczasy w centrum Zakopanego\",\"publisher\":{\"@id\":\"https:\/\/rezydencjagorska.pl\/#organization\"},\"potentialAction\":[{\"@type\":\"SearchAction\",\"target\":{\"@type\":\"EntryPoint\",\"urlTemplate\":\"https:\/\/rezydencjagorska.pl\/?s={search_term_string}\"},\"query-input\":{\"@type\":\"PropertyValueSpecification\",\"valueRequired\":true,\"valueName\":\"search_term_string\"}}],\"inLanguage\":\"en-GB\"},{\"@type\":\"Organization\",\"@id\":\"https:\/\/rezydencjagorska.pl\/#organization\",\"name\":\"Rezydencja G\u00f3rska\",\"url\":\"https:\/\/rezydencjagorska.pl\/\",\"logo\":{\"@type\":\"ImageObject\",\"inLanguage\":\"en-GB\",\"@id\":\"https:\/\/rezydencjagorska.pl\/#\/schema\/logo\/image\/\",\"url\":\"https:\/\/rezydencjagorska.pl\/wp-content\/uploads\/2022\/10\/Logo-River-Sea.png\",\"contentUrl\":\"https:\/\/rezydencjagorska.pl\/wp-content\/uploads\/2022\/10\/Logo-River-Sea.png\",\"width\":256,\"height\":154,\"caption\":\"Rezydencja G\u00f3rska\"},\"image\":{\"@id\":\"https:\/\/rezydencjagorska.pl\/#\/schema\/logo\/image\/\"},\"sameAs\":[\"https:\/\/www.facebook.com\/riverseaapartamenty\"]}]}<\/script>\n<!-- \/ Yoast SEO plugin. -->","yoast_head_json":{"title":"Rezydencja G\u00f3rska - Pobyt z dzie\u0107mi w Zakopanem - Strefa KIDS","description":"Rezydencja G\u00f3rska - Pobyt z dzie\u0107mi w Zakopanem - Strefa KIDS. Zobacz galeri\u0119 zdj\u0119\u0107 i zobacz jakie atrakcje czekaj\u0105 na was u nas na miejscu.","robots":{"index":"index","follow":"follow","max-snippet":"max-snippet:-1","max-image-preview":"max-image-preview:large","max-video-preview":"max-video-preview:-1"},"canonical":"https:\/\/rezydencjagorska.pl\/en\/kids\/","og_locale":"en_GB","og_type":"article","og_title":"Rezydencja G\u00f3rska - Pobyt z dzie\u0107mi w Zakopanem - Strefa KIDS","og_description":"Rezydencja G\u00f3rska - Pobyt z dzie\u0107mi w Zakopanem - Strefa KIDS. Zobacz galeri\u0119 zdj\u0119\u0107 i zobacz jakie atrakcje czekaj\u0105 na was u nas na miejscu.","og_url":"https:\/\/rezydencjagorska.pl\/en\/kids\/","og_site_name":"Rezydencja G\u00f3rska","article_publisher":"https:\/\/www.facebook.com\/riverseaapartamenty","article_modified_time":"2025-05-26T09:14:49+00:00","og_image":[{"width":1024,"height":576,"url":"https:\/\/rezydencjagorska.pl\/wp-content\/uploads\/2025\/05\/Bez-nazwy-Witryna-internetowa-3-1024x576.png","type":"image\/png"}],"twitter_card":"summary_large_image","twitter_misc":{"Estimated reading time":"3 minutes"},"schema":{"@context":"https:\/\/schema.org","@graph":[{"@type":"WebPage","@id":"https:\/\/rezydencjagorska.pl\/kids\/","url":"https:\/\/rezydencjagorska.pl\/kids\/","name":"Rezydencja G\u00f3rska - Pobyt z dzie\u0107mi w Zakopanem - Strefa KIDS","isPartOf":{"@id":"https:\/\/rezydencjagorska.pl\/#website"},"primaryImageOfPage":{"@id":"https:\/\/rezydencjagorska.pl\/kids\/#primaryimage"},"image":{"@id":"https:\/\/rezydencjagorska.pl\/kids\/#primaryimage"},"thumbnailUrl":"https:\/\/rezydencjagorska.pl\/wp-content\/uploads\/2025\/05\/Bez-nazwy-Witryna-internetowa-3.png","datePublished":"2025-05-21T10:23:28+00:00","dateModified":"2025-05-26T09:14:49+00:00","description":"Rezydencja G\u00f3rska - Pobyt z dzie\u0107mi w Zakopanem - Strefa KIDS. Zobacz galeri\u0119 zdj\u0119\u0107 i zobacz jakie atrakcje czekaj\u0105 na was u nas na miejscu.","breadcrumb":{"@id":"https:\/\/rezydencjagorska.pl\/kids\/#breadcrumb"},"inLanguage":"en-GB","potentialAction":[{"@type":"ReadAction","target":["https:\/\/rezydencjagorska.pl\/kids\/"]}]},{"@type":"ImageObject","inLanguage":"en-GB","@id":"https:\/\/rezydencjagorska.pl\/kids\/#primaryimage","url":"https:\/\/rezydencjagorska.pl\/wp-content\/uploads\/2025\/05\/Bez-nazwy-Witryna-internetowa-3.png","contentUrl":"https:\/\/rezydencjagorska.pl\/wp-content\/uploads\/2025\/05\/Bez-nazwy-Witryna-internetowa-3.png","width":1366,"height":768},{"@type":"BreadcrumbList","@id":"https:\/\/rezydencjagorska.pl\/kids\/#breadcrumb","itemListElement":[{"@type":"ListItem","position":1,"name":"Strona g\u0142\u00f3wna","item":"https:\/\/rezydencjagorska.pl\/"},{"@type":"ListItem","position":2,"name":"Strefa KIDS"}]},{"@type":"WebSite","@id":"https:\/\/rezydencjagorska.pl\/#website","url":"https:\/\/rezydencjagorska.pl\/","name":"Rezydencja G\u00f3rska","description":"Rodzinne wczasy w centrum Zakopanego","publisher":{"@id":"https:\/\/rezydencjagorska.pl\/#organization"},"potentialAction":[{"@type":"SearchAction","target":{"@type":"EntryPoint","urlTemplate":"https:\/\/rezydencjagorska.pl\/?s={search_term_string}"},"query-input":{"@type":"PropertyValueSpecification","valueRequired":true,"valueName":"search_term_string"}}],"inLanguage":"en-GB"},{"@type":"Organization","@id":"https:\/\/rezydencjagorska.pl\/#organization","name":"Rezydencja G\u00f3rska","url":"https:\/\/rezydencjagorska.pl\/","logo":{"@type":"ImageObject","inLanguage":"en-GB","@id":"https:\/\/rezydencjagorska.pl\/#\/schema\/logo\/image\/","url":"https:\/\/rezydencjagorska.pl\/wp-content\/uploads\/2022\/10\/Logo-River-Sea.png","contentUrl":"https:\/\/rezydencjagorska.pl\/wp-content\/uploads\/2022\/10\/Logo-River-Sea.png","width":256,"height":154,"caption":"Rezydencja G\u00f3rska"},"image":{"@id":"https:\/\/rezydencjagorska.pl\/#\/schema\/logo\/image\/"},"sameAs":["https:\/\/www.facebook.com\/riverseaapartamenty"]}]}},"_links":{"self":[{"href":"https:\/\/rezydencjagorska.pl\/en\/wp-json\/wp\/v2\/pages\/1366","targetHints":{"allow":["GET"]}}],"collection":[{"href":"https:\/\/rezydencjagorska.pl\/en\/wp-json\/wp\/v2\/pages"}],"about":[{"href":"https:\/\/rezydencjagorska.pl\/en\/wp-json\/wp\/v2\/types\/page"}],"author":[{"embeddable":true,"href":"https:\/\/rezydencjagorska.pl\/en\/wp-json\/wp\/v2\/users\/8"}],"replies":[{"embeddable":true,"href":"https:\/\/rezydencjagorska.pl\/en\/wp-json\/wp\/v2\/comments?post=1366"}],"version-history":[{"count":1,"href":"https:\/\/rezydencjagorska.pl\/en\/wp-json\/wp\/v2\/pages\/1366\/revisions"}],"predecessor-version":[{"id":1367,"href":"https:\/\/rezydencjagorska.pl\/en\/wp-json\/wp\/v2\/pages\/1366\/revisions\/1367"}],"wp:featuredmedia":[{"embeddable":true,"href":"https:\/\/rezydencjagorska.pl\/en\/wp-json\/wp\/v2\/media\/1469"}],"wp:attachment":[{"href":"https:\/\/rezydencjagorska.pl\/en\/wp-json\/wp\/v2\/media?parent=1366"}],"curies":[{"name":"wp","href":"https:\/\/api.w.org\/{rel}","templated":true}]}}