{"id":1296,"date":"2024-03-22T15:30:23","date_gmt":"2024-03-22T14:30:23","guid":{"rendered":"https:\/\/rezydencjagorska.pl\/?page_id=1296"},"modified":"2025-05-28T13:22:40","modified_gmt":"2025-05-28T11:22:40","slug":"atrakcje","status":"publish","type":"page","link":"https:\/\/rezydencjagorska.pl\/en\/atrakcje\/","title":{"rendered":"ATRAKCJE"},"content":{"rendered":"","protected":false},"excerpt":{"rendered":"","protected":false},"author":3,"featured_media":1241,"parent":0,"menu_order":0,"comment_status":"closed","ping_status":"closed","template":"","meta":{"_acf_changed":false,"footnotes":""},"class_list":["post-1296","page","type-page","status-publish","has-post-thumbnail","hentry"],"acf":[],"yoast_head":"<!-- This site is optimized with the Yoast SEO plugin v25.1 - https:\/\/yoast.com\/wordpress\/plugins\/seo\/ -->\n<title>Rezydencja G\u00f3rska - Rodzinne wczasy w centrum Zakopanego<\/title>\n<meta name=\"description\" content=\"Rezydencja G\u00f3rska - Sprawd\u017a atrakcje w Zakopanem i zaplanuj z nami swoj\u0105 kolejn\u0105 wycieczk\u0119 do Zakopanego z pobytem w Rezydencji G\u00f3rskiej.\" \/>\n<meta name=\"robots\" content=\"index, follow, max-snippet:-1, max-image-preview:large, max-video-preview:-1\" \/>\n<link rel=\"canonical\" href=\"https:\/\/rezydencjagorska.pl\/en\/atrakcje\/\" \/>\n<meta property=\"og:locale\" content=\"en_GB\" \/>\n<meta property=\"og:type\" content=\"article\" \/>\n<meta property=\"og:title\" content=\"Rezydencja G\u00f3rska - Rodzinne wczasy w centrum Zakopanego\" \/>\n<meta property=\"og:description\" content=\"Rezydencja G\u00f3rska - Sprawd\u017a atrakcje w Zakopanem i zaplanuj z nami swoj\u0105 kolejn\u0105 wycieczk\u0119 do Zakopanego z pobytem w Rezydencji G\u00f3rskiej.\" \/>\n<meta property=\"og:url\" content=\"https:\/\/rezydencjagorska.pl\/en\/atrakcje\/\" \/>\n<meta property=\"og:site_name\" content=\"Rezydencja G\u00f3rska\" \/>\n<meta property=\"article:publisher\" content=\"https:\/\/www.facebook.com\/riverseaapartamenty\" \/>\n<meta property=\"article:modified_time\" content=\"2025-05-28T11:22:40+00:00\" \/>\n<meta property=\"og:image\" content=\"https:\/\/rezydencjagorska.pl\/wp-content\/uploads\/2024\/03\/dla_wszystkich-1.jpg\" \/>\n\t<meta property=\"og:image:width\" content=\"2200\" \/>\n\t<meta property=\"og:image:height\" content=\"1650\" \/>\n\t<meta property=\"og:image:type\" content=\"image\/jpeg\" \/>\n<meta name=\"twitter:card\" content=\"summary_large_image\" \/>\n<meta name=\"twitter:label1\" content=\"Estimated reading time\" \/>\n\t<meta name=\"twitter:data1\" content=\"3 minutes\" \/>\n<script type=\"application\/ld+json\" class=\"yoast-schema-graph\">{\"@context\":\"https:\/\/schema.org\",\"@graph\":[{\"@type\":\"WebPage\",\"@id\":\"https:\/\/rezydencjagorska.pl\/atrakcje\/\",\"url\":\"https:\/\/rezydencjagorska.pl\/atrakcje\/\",\"name\":\"Rezydencja G\u00f3rska - Rodzinne wczasy w centrum Zakopanego\",\"isPartOf\":{\"@id\":\"https:\/\/rezydencjagorska.pl\/#website\"},\"primaryImageOfPage\":{\"@id\":\"https:\/\/rezydencjagorska.pl\/atrakcje\/#primaryimage\"},\"image\":{\"@id\":\"https:\/\/rezydencjagorska.pl\/atrakcje\/#primaryimage\"},\"thumbnailUrl\":\"https:\/\/rezydencjagorska.pl\/wp-content\/uploads\/2024\/03\/dla_wszystkich-1.jpg\",\"datePublished\":\"2024-03-22T14:30:23+00:00\",\"dateModified\":\"2025-05-28T11:22:40+00:00\",\"description\":\"Rezydencja G\u00f3rska - Sprawd\u017a atrakcje w Zakopanem i zaplanuj z nami swoj\u0105 kolejn\u0105 wycieczk\u0119 do Zakopanego z pobytem w Rezydencji G\u00f3rskiej.\",\"breadcrumb\":{\"@id\":\"https:\/\/rezydencjagorska.pl\/atrakcje\/#breadcrumb\"},\"inLanguage\":\"en-GB\",\"potentialAction\":[{\"@type\":\"ReadAction\",\"target\":[\"https:\/\/rezydencjagorska.pl\/atrakcje\/\"]}]},{\"@type\":\"ImageObject\",\"inLanguage\":\"en-GB\",\"@id\":\"https:\/\/rezydencjagorska.pl\/atrakcje\/#primaryimage\",\"url\":\"https:\/\/rezydencjagorska.pl\/wp-content\/uploads\/2024\/03\/dla_wszystkich-1.jpg\",\"contentUrl\":\"https:\/\/rezydencjagorska.pl\/wp-content\/uploads\/2024\/03\/dla_wszystkich-1.jpg\",\"width\":2200,\"height\":1650},{\"@type\":\"BreadcrumbList\",\"@id\":\"https:\/\/rezydencjagorska.pl\/atrakcje\/#breadcrumb\",\"itemListElement\":[{\"@type\":\"ListItem\",\"position\":1,\"name\":\"Strona g\u0142\u00f3wna\",\"item\":\"https:\/\/rezydencjagorska.pl\/\"},{\"@type\":\"ListItem\",\"position\":2,\"name\":\"ATRAKCJE\"}]},{\"@type\":\"WebSite\",\"@id\":\"https:\/\/rezydencjagorska.pl\/#website\",\"url\":\"https:\/\/rezydencjagorska.pl\/\",\"name\":\"Rezydencja G\u00f3rska\",\"description\":\"Rodzinne wczasy w centrum Zakopanego\",\"publisher\":{\"@id\":\"https:\/\/rezydencjagorska.pl\/#organization\"},\"potentialAction\":[{\"@type\":\"SearchAction\",\"target\":{\"@type\":\"EntryPoint\",\"urlTemplate\":\"https:\/\/rezydencjagorska.pl\/?s={search_term_string}\"},\"query-input\":{\"@type\":\"PropertyValueSpecification\",\"valueRequired\":true,\"valueName\":\"search_term_string\"}}],\"inLanguage\":\"en-GB\"},{\"@type\":\"Organization\",\"@id\":\"https:\/\/rezydencjagorska.pl\/#organization\",\"name\":\"Rezydencja G\u00f3rska\",\"url\":\"https:\/\/rezydencjagorska.pl\/\",\"logo\":{\"@type\":\"ImageObject\",\"inLanguage\":\"en-GB\",\"@id\":\"https:\/\/rezydencjagorska.pl\/#\/schema\/logo\/image\/\",\"url\":\"https:\/\/rezydencjagorska.pl\/wp-content\/uploads\/2022\/10\/Logo-River-Sea.png\",\"contentUrl\":\"https:\/\/rezydencjagorska.pl\/wp-content\/uploads\/2022\/10\/Logo-River-Sea.png\",\"width\":256,\"height\":154,\"caption\":\"Rezydencja G\u00f3rska\"},\"image\":{\"@id\":\"https:\/\/rezydencjagorska.pl\/#\/schema\/logo\/image\/\"},\"sameAs\":[\"https:\/\/www.facebook.com\/riverseaapartamenty\"]}]}<\/script>\n<!-- \/ Yoast SEO plugin. -->","yoast_head_json":{"title":"Rezydencja G\u00f3rska - Rodzinne wczasy w centrum Zakopanego","description":"Rezydencja G\u00f3rska - Sprawd\u017a atrakcje w Zakopanem i zaplanuj z nami swoj\u0105 kolejn\u0105 wycieczk\u0119 do Zakopanego z pobytem w Rezydencji G\u00f3rskiej.","robots":{"index":"index","follow":"follow","max-snippet":"max-snippet:-1","max-image-preview":"max-image-preview:large","max-video-preview":"max-video-preview:-1"},"canonical":"https:\/\/rezydencjagorska.pl\/en\/atrakcje\/","og_locale":"en_GB","og_type":"article","og_title":"Rezydencja G\u00f3rska - Rodzinne wczasy w centrum Zakopanego","og_description":"Rezydencja G\u00f3rska - Sprawd\u017a atrakcje w Zakopanem i zaplanuj z nami swoj\u0105 kolejn\u0105 wycieczk\u0119 do Zakopanego z pobytem w Rezydencji G\u00f3rskiej.","og_url":"https:\/\/rezydencjagorska.pl\/en\/atrakcje\/","og_site_name":"Rezydencja G\u00f3rska","article_publisher":"https:\/\/www.facebook.com\/riverseaapartamenty","article_modified_time":"2025-05-28T11:22:40+00:00","og_image":[{"width":2200,"height":1650,"url":"https:\/\/rezydencjagorska.pl\/wp-content\/uploads\/2024\/03\/dla_wszystkich-1.jpg","type":"image\/jpeg"}],"twitter_card":"summary_large_image","twitter_misc":{"Estimated reading time":"3 minutes"},"schema":{"@context":"https:\/\/schema.org","@graph":[{"@type":"WebPage","@id":"https:\/\/rezydencjagorska.pl\/atrakcje\/","url":"https:\/\/rezydencjagorska.pl\/atrakcje\/","name":"Rezydencja G\u00f3rska - Rodzinne wczasy w centrum Zakopanego","isPartOf":{"@id":"https:\/\/rezydencjagorska.pl\/#website"},"primaryImageOfPage":{"@id":"https:\/\/rezydencjagorska.pl\/atrakcje\/#primaryimage"},"image":{"@id":"https:\/\/rezydencjagorska.pl\/atrakcje\/#primaryimage"},"thumbnailUrl":"https:\/\/rezydencjagorska.pl\/wp-content\/uploads\/2024\/03\/dla_wszystkich-1.jpg","datePublished":"2024-03-22T14:30:23+00:00","dateModified":"2025-05-28T11:22:40+00:00","description":"Rezydencja G\u00f3rska - Sprawd\u017a atrakcje w Zakopanem i zaplanuj z nami swoj\u0105 kolejn\u0105 wycieczk\u0119 do Zakopanego z pobytem w Rezydencji G\u00f3rskiej.","breadcrumb":{"@id":"https:\/\/rezydencjagorska.pl\/atrakcje\/#breadcrumb"},"inLanguage":"en-GB","potentialAction":[{"@type":"ReadAction","target":["https:\/\/rezydencjagorska.pl\/atrakcje\/"]}]},{"@type":"ImageObject","inLanguage":"en-GB","@id":"https:\/\/rezydencjagorska.pl\/atrakcje\/#primaryimage","url":"https:\/\/rezydencjagorska.pl\/wp-content\/uploads\/2024\/03\/dla_wszystkich-1.jpg","contentUrl":"https:\/\/rezydencjagorska.pl\/wp-content\/uploads\/2024\/03\/dla_wszystkich-1.jpg","width":2200,"height":1650},{"@type":"BreadcrumbList","@id":"https:\/\/rezydencjagorska.pl\/atrakcje\/#breadcrumb","itemListElement":[{"@type":"ListItem","position":1,"name":"Strona g\u0142\u00f3wna","item":"https:\/\/rezydencjagorska.pl\/"},{"@type":"ListItem","position":2,"name":"ATRAKCJE"}]},{"@type":"WebSite","@id":"https:\/\/rezydencjagorska.pl\/#website","url":"https:\/\/rezydencjagorska.pl\/","name":"Rezydencja G\u00f3rska","description":"Rodzinne wczasy w centrum Zakopanego","publisher":{"@id":"https:\/\/rezydencjagorska.pl\/#organization"},"potentialAction":[{"@type":"SearchAction","target":{"@type":"EntryPoint","urlTemplate":"https:\/\/rezydencjagorska.pl\/?s={search_term_string}"},"query-input":{"@type":"PropertyValueSpecification","valueRequired":true,"valueName":"search_term_string"}}],"inLanguage":"en-GB"},{"@type":"Organization","@id":"https:\/\/rezydencjagorska.pl\/#organization","name":"Rezydencja G\u00f3rska","url":"https:\/\/rezydencjagorska.pl\/","logo":{"@type":"ImageObject","inLanguage":"en-GB","@id":"https:\/\/rezydencjagorska.pl\/#\/schema\/logo\/image\/","url":"https:\/\/rezydencjagorska.pl\/wp-content\/uploads\/2022\/10\/Logo-River-Sea.png","contentUrl":"https:\/\/rezydencjagorska.pl\/wp-content\/uploads\/2022\/10\/Logo-River-Sea.png","width":256,"height":154,"caption":"Rezydencja G\u00f3rska"},"image":{"@id":"https:\/\/rezydencjagorska.pl\/#\/schema\/logo\/image\/"},"sameAs":["https:\/\/www.facebook.com\/riverseaapartamenty"]}]}},"_links":{"self":[{"href":"https:\/\/rezydencjagorska.pl\/en\/wp-json\/wp\/v2\/pages\/1296","targetHints":{"allow":["GET"]}}],"collection":[{"href":"https:\/\/rezydencjagorska.pl\/en\/wp-json\/wp\/v2\/pages"}],"about":[{"href":"https:\/\/rezydencjagorska.pl\/en\/wp-json\/wp\/v2\/types\/page"}],"author":[{"embeddable":true,"href":"https:\/\/rezydencjagorska.pl\/en\/wp-json\/wp\/v2\/users\/3"}],"replies":[{"embeddable":true,"href":"https:\/\/rezydencjagorska.pl\/en\/wp-json\/wp\/v2\/comments?post=1296"}],"version-history":[{"count":10,"href":"https:\/\/rezydencjagorska.pl\/en\/wp-json\/wp\/v2\/pages\/1296\/revisions"}],"predecessor-version":[{"id":1563,"href":"https:\/\/rezydencjagorska.pl\/en\/wp-json\/wp\/v2\/pages\/1296\/revisions\/1563"}],"wp:featuredmedia":[{"embeddable":true,"href":"https:\/\/rezydencjagorska.pl\/en\/wp-json\/wp\/v2\/media\/1241"}],"wp:attachment":[{"href":"https:\/\/rezydencjagorska.pl\/en\/wp-json\/wp\/v2\/media?parent=1296"}],"curies":[{"name":"wp","href":"https:\/\/api.w.org\/{rel}","templated":true}]}}